{"id":591,"date":"2014-06-22T16:10:28","date_gmt":"2014-06-22T16:10:28","guid":{"rendered":"http:\/\/ateliervitrail.com\/fr\/?page_id=591"},"modified":"2021-10-28T13:59:45","modified_gmt":"2021-10-28T13:59:45","slug":"contact","status":"publish","type":"page","link":"https:\/\/ateliervitrail.com\/fr\/?page_id=591","title":{"rendered":"Contact"},"content":{"rendered":"<h4>Atelier Vitrail<\/h4>\n<p><span class=\"Apple-style-span\">S.A.S Atelier Vitrail Felzine<\/span><\/p>\n<p>98 Avenue Victor Hugo 94600, Choisy-le-Roi, France <span class=\"Apple-style-span\" style=\"color: #222222;\">Tel\/Fax\u00a0: +33(0)1 48 90 43 18<\/span><\/p>\n<p><a href=\"mailto:contact@ateliervitrail.com\">contact@ateliervitrail.com<\/a><\/p>\n<p><a href=\"mailto:emmanuelle.felzine@gmail.com\">emmanuelle.felzine@gmail.com<\/a><\/p>\n<p>portable : 06.33.69.88.00<\/p>\n<hr \/>\n<p>D\u00e9claration d\u2019activit\u00e9 enregistr\u00e9e sous le n\u00b0 11940992594 aupr\u00e8s du pr\u00e9fet de r\u00e9gion d\u2019Ile de France<br \/>\nnum\u00e9ro de SIREN: 838 282 309 &#8211; Code NAF : 2319Z<\/p>\n<p>&nbsp;<\/p>\n<p><iframe loading=\"lazy\" src=\"https:\/\/maps.google.com\/maps?f=q&amp;source=s_q&amp;hl=fr&amp;geocode=&amp;q=98+Avenue+Victor+Hugo+94600,+Choisy-le-Roi,+France&amp;aq=&amp;sll=37.0625,-95.677068&amp;sspn=52.505328,93.955078&amp;ie=UTF8&amp;hq=&amp;hnear=98+Avenue+Victor+Hugo,+94600+Choisy-le-Roi,+France&amp;t=m&amp;z=14&amp;ll=48.769646,2.424748&amp;output=embed\" width=\"500\" height=\"400\" frameborder=\"0\" marginwidth=\"0\" marginheight=\"0\" scrolling=\"no\"><\/iframe> <small><a style=\"color: #0000ff;\" href=\"https:\/\/maps.google.com\/maps?f=q&amp;source=embed&amp;hl=fr&amp;geocode=&amp;q=98+Avenue+Victor+Hugo+94600,+Choisy-le-Roi,+France&amp;aq=&amp;sll=37.0625,-95.677068&amp;sspn=52.505328,93.955078&amp;ie=UTF8&amp;hq=&amp;hnear=98+Avenue+Victor+Hugo,+94600+Choisy-le-Roi,+France&amp;t=m&amp;z=14&amp;ll=48.769646,2.424748\">Agrandir le plan<\/a><\/small><\/p>\n","protected":false},"excerpt":{"rendered":"<p>Atelier Vitrail S.A.S Atelier Vitrail Felzine 98 Avenue Victor Hugo 94600, Choisy-le-Roi, France Tel\/Fax\u00a0: +33(0)1 48 90 43 18 contact@ateliervitrail.com emmanuelle.felzine@gmail.com portable : 06.33.69.88.00 D\u00e9claration d\u2019activit\u00e9 enregistr\u00e9e sous le n\u00b0 11940992594 aupr\u00e8s du pr\u00e9fet de r\u00e9gion d\u2019Ile de France num\u00e9ro de SIREN: 838 282 309 &#8211; Code NAF : 2319Z &nbsp; Agrandir le plan<\/p>\n","protected":false},"author":1,"featured_media":0,"parent":0,"menu_order":0,"comment_status":"closed","ping_status":"closed","template":"","meta":[],"_links":{"self":[{"href":"https:\/\/ateliervitrail.com\/fr\/index.php?rest_route=\/wp\/v2\/pages\/591"}],"collection":[{"href":"https:\/\/ateliervitrail.com\/fr\/index.php?rest_route=\/wp\/v2\/pages"}],"about":[{"href":"https:\/\/ateliervitrail.com\/fr\/index.php?rest_route=\/wp\/v2\/types\/page"}],"author":[{"embeddable":true,"href":"https:\/\/ateliervitrail.com\/fr\/index.php?rest_route=\/wp\/v2\/users\/1"}],"replies":[{"embeddable":true,"href":"https:\/\/ateliervitrail.com\/fr\/index.php?rest_route=%2Fwp%2Fv2%2Fcomments&post=591"}],"version-history":[{"count":24,"href":"https:\/\/ateliervitrail.com\/fr\/index.php?rest_route=\/wp\/v2\/pages\/591\/revisions"}],"predecessor-version":[{"id":1072,"href":"https:\/\/ateliervitrail.com\/fr\/index.php?rest_route=\/wp\/v2\/pages\/591\/revisions\/1072"}],"wp:attachment":[{"href":"https:\/\/ateliervitrail.com\/fr\/index.php?rest_route=%2Fwp%2Fv2%2Fmedia&parent=591"}],"curies":[{"name":"wp","href":"https:\/\/api.w.org\/{rel}","templated":true}]}}