{"id":21,"date":"2014-05-22T11:14:45","date_gmt":"2014-05-22T11:14:45","guid":{"rendered":"http:\/\/ateliervitrail.com\/fr\/?page_id=21"},"modified":"2020-06-18T09:31:26","modified_gmt":"2020-06-18T09:31:26","slug":"presentation","status":"publish","type":"page","link":"https:\/\/ateliervitrail.com\/fr\/?page_id=21","title":{"rendered":"Pr\u00e9sentation"},"content":{"rendered":"<p><img loading=\"lazy\" class=\"alignright wp-image-33 size-medium\" src=\"https:\/\/ateliervitrail.com\/fr\/wp-content\/uploads\/2014\/05\/presentation_lavina3-300x224.jpg\" alt=\"Lavina Scapatticci Felzine\" width=\"300\" height=\"224\" srcset=\"https:\/\/ateliervitrail.com\/fr\/wp-content\/uploads\/2014\/05\/presentation_lavina3-300x224.jpg 300w, https:\/\/ateliervitrail.com\/fr\/wp-content\/uploads\/2014\/05\/presentation_lavina3.jpg 380w\" sizes=\"(max-width: 300px) 100vw, 300px\" \/><\/p>\n<p style=\"text-align: justify;\">L\u2019Atelier Vitrail a \u00e9t\u00e9 cr\u00e9e en 1996 par Lavina Scapatticci Felzine, ma\u00eetre verrier qualifi\u00e9 et exp\u00e9riment\u00e9, form\u00e9e par le ma\u00eetre verrier Michel Durand. \u00c0 son tour, Lavina a form\u00e9e sa fille, Emmanuelle Felzine, qui a repris l&rsquo;atelier \u00e0 son nom en f\u00e9vrier 2018. C\u2019est un atelier de cr\u00e9ation et de fabrication de vitraux, situ\u00e9 98 Avenue Victor Hugo (N 184), \u00e0 Choisy le Roi, dans le Val de Marne.<\/p>\n<p style=\"text-align: justify;\">L\u2019\u00e9quipe qui le constitue, variant de 3 \u00e0 10 personnes, pratique l\u2019art du vitrail en alternant la restauration de vitraux anciens et les cr\u00e9ations contemporaines.<\/p>\n<p style=\"text-align: justify;\">Ses commandes \u00e9manent aussi bien des monuments historiques que des \u00e9difices publics ou du domaine priv\u00e9. L\u2019atelier constitue sa client\u00e8le en r\u00e9pondant aux appels d\u2019offre, en participant tr\u00e8s r\u00e9guli\u00e8rement \u00e0 des salons d\u2019artisanat ou de d\u00e9coration et enfin gr\u00e2ce \u00e0 sa r\u00e9putation et aux recommandations.<\/p>\n<p style=\"text-align: justify;\">Hormis la restauration de certains vitraux class\u00e9s de la collection du Mus\u00e9e des Monuments Fran\u00e7ais ou du Patrimoine, les derni\u00e8res r\u00e9alisations significatives de l\u2019Atelier sont le vitrail-enseigne du Printemps Haussmann \u00e0 Paris qui a \u00e9t\u00e9 termin\u00e9 en 2008 et plusieurs grands panneaux de vitraux pour 3 ascenseurs ext\u00e9rieurs \u00e0 Choisy le Roi (grande premi\u00e8re en France en mati\u00e8re d\u2019habillage urbain), pos\u00e9s en 2009, 2010 et 2012.<\/p>\n<div id=\"new-royalslider-1\" class=\"royalSlider new-royalslider-1 rsUni rs-default-template\" style=\"width:100%; height:400px;\"><div class=\"rsContent\">\n  <img class=\"rsImg\" src=\"http:\/\/i1.ytimg.com\/vi\/bDj9HjdQ9qg\/hqdefault.jpg\" data-rsVideo=\"http:\/\/youtu.be\/bDj9HjdQ9qg\" alt=\"Atelier Vitrail Lavina Felzine\"\/>\n  \n  \n  \n<\/div><\/div>\n<p style=\"text-align: justify;\">Le vitrail n\u2019est pas l\u2019unique activit\u00e9 de l\u2019Atelier. La ma\u00eetrise du travail du verre (gravure, fusing) permet aussi \u00e0 Emmanuelle Felzine d\u2019\u00e9laborer des cr\u00e9ations originales et des pi\u00e8ces uniques dans le domaine de la d\u00e9coration, des arts de la table et des bijoux. Elle a obtenu le prix SEMA (soci\u00e9t\u00e9 d\u2019encouragement des m\u00e9tiers d\u2019art) d\u00e9partemental en 2009 et r\u00e9gional en 2010 pour \u00ab\u00a0<a title=\"Tourbillon\" href=\"https:\/\/ateliervitrail.com\/fr\/?page_id=154\" target=\"_blank\">Le Tourbillon<\/a>\u00a0\u00bb, sculpture en mille feuille\u00a0de verre qui a frapp\u00e9 le jury pour son caract\u00e8re innovant.<\/p>\n<p style=\"text-align: justify;\"><span style=\"color: #444444;\"><div id=\"new-royalslider-6\" class=\"royalSlider new-royalslider-6 rsUni rs-default-template\" style=\"width:100%; height:;\"><div class=\"rsContent\">\n  <img class=\"rsImg\" src=\"https:\/\/ateliervitrail.com\/fr\/wp-content\/uploads\/2016\/03\/video_bijoux.jpg\" data-rsBigImg=\"https:\/\/ateliervitrail.com\/fr\/wp-content\/uploads\/2016\/03\/video_bijoux.jpg\" data-rsVideo=\"www.youtube.com\/watch?v=k7nQuvKQV0w\" alt=\"Montage des bijoux de l'Atelier Vitrail Lavina\"\/>\n  \n  \n  \n<\/div><\/div><\/span><\/p>\n<p style=\"text-align: justify;\">L\u2019Atelier Vitrail a \u00e9galement mis en place un centre de <a title=\"Formation\" href=\"https:\/\/ateliervitrail.com\/fr\/?page_id=81\" target=\"_blank\">formation<\/a> professionnelle, il forme en moyenne un apprenti tous les deux ans et r\u00e9guli\u00e8rement des personnes en reconversion professionnelle, en cong\u00e9 individuel de <a title=\"Formation\" href=\"https:\/\/ateliervitrail.com\/fr\/?page_id=81\" target=\"_blank\">formation<\/a> ou en ch\u00e9quiers qualifiants. Il propose \u00e9galement des cours d\u2019initiation \u00e0 l\u2019art du vitrail pour les amateurs, d\u00e9butants ou confirm\u00e9s.<\/p>\n","protected":false},"excerpt":{"rendered":"<p>L\u2019Atelier Vitrail a \u00e9t\u00e9 cr\u00e9e en 1996 par Lavina Scapatticci Felzine, ma\u00eetre verrier qualifi\u00e9 et exp\u00e9riment\u00e9, form\u00e9e par le ma\u00eetre verrier Michel Durand. \u00c0 son tour, Lavina a form\u00e9e sa fille, Emmanuelle Felzine, qui a repris l&rsquo;atelier \u00e0 son nom en f\u00e9vrier 2018. C\u2019est un atelier de cr\u00e9ation et de fabrication de vitraux, situ\u00e9 98 [&hellip;]<\/p>\n","protected":false},"author":1,"featured_media":0,"parent":0,"menu_order":0,"comment_status":"closed","ping_status":"closed","template":"full-width-page.php","meta":[],"_links":{"self":[{"href":"https:\/\/ateliervitrail.com\/fr\/index.php?rest_route=\/wp\/v2\/pages\/21"}],"collection":[{"href":"https:\/\/ateliervitrail.com\/fr\/index.php?rest_route=\/wp\/v2\/pages"}],"about":[{"href":"https:\/\/ateliervitrail.com\/fr\/index.php?rest_route=\/wp\/v2\/types\/page"}],"author":[{"embeddable":true,"href":"https:\/\/ateliervitrail.com\/fr\/index.php?rest_route=\/wp\/v2\/users\/1"}],"replies":[{"embeddable":true,"href":"https:\/\/ateliervitrail.com\/fr\/index.php?rest_route=%2Fwp%2Fv2%2Fcomments&post=21"}],"version-history":[{"count":5,"href":"https:\/\/ateliervitrail.com\/fr\/index.php?rest_route=\/wp\/v2\/pages\/21\/revisions"}],"predecessor-version":[{"id":1069,"href":"https:\/\/ateliervitrail.com\/fr\/index.php?rest_route=\/wp\/v2\/pages\/21\/revisions\/1069"}],"wp:attachment":[{"href":"https:\/\/ateliervitrail.com\/fr\/index.php?rest_route=%2Fwp%2Fv2%2Fmedia&parent=21"}],"curies":[{"name":"wp","href":"https:\/\/api.w.org\/{rel}","templated":true}]}}